{"id":110,"date":"2015-03-01T13:14:52","date_gmt":"2015-03-01T13:14:52","guid":{"rendered":"http:\/\/localhost\/wordpress\/?page_id=110"},"modified":"2025-06-28T19:15:00","modified_gmt":"2025-06-28T19:15:00","slug":"contacto","status":"publish","type":"page","link":"https:\/\/www.hotelelparaiso.es\/?page_id=110","title":{"rendered":"CONTACTO"},"content":{"rendered":"<p style=\"text-align: justify; padding-left: 30px; padding-right: 30px;\">\u00bfTiene alguna duda? \u00bfQuiere realizar alguna sugerencia? \u00bfNecesita alguna informaci\u00f3n? En cualquiera de estos casos, no dude en <a href=\"#Contacto\">comunicarse con nosotros<\/a>, a trav\u00e9s de e-mail, tel\u00e9fono, o utilizando nuestro <a href=\"#Formulario\">formulario de contacto<\/a><\/p>\n<div class=\"csRow\">\n<div class=\"csColumnGap\" style=\"margin: 0px; padding: 0px; float: left; width: 1.56%;\"><img decoding=\"async\" src=\"wp-content\/plugins\/advanced-wp-columns\/assets\/js\/plugins\/views\/img\/1x1-pixel.png\" alt=\"\" \/><\/div>\n<div class=\"csColumn\" style=\"margin: 0px; padding: 0px; float: left; width: 40.4%;\" data-csid=\"043f552a-8910-8527-a688-6e687fef08b6\" data-cswidth=\"40.4%\" data-csendpoint=\"306.5\" data-csstartpoint=\"15\">\n<p><a name=\"Contacto\"><\/a><\/p>\n<h5>Datos de contacto<\/h5>\n<blockquote>\n<p style=\"padding-left: 30px; text-align: left;\"><strong>Hotel El Para\u00edso<\/strong><\/p>\n<p style=\"padding-left: 30px; text-align: left;\">Avenida de Andaluc\u00eda, 139<\/p>\n<p style=\"padding-left: 30px; text-align: left;\">Caleta de V\u00e9lez<\/p>\n<p style=\"padding-left: 30px; text-align: left;\">29751 M\u00e1laga<\/p>\n<p style=\"padding-left: 30px; text-align: left;\">(+34) 952 550 082<\/p>\n<p style=\"padding-left: 30px; text-align: left;\">e-mail:<\/p>\n<p style=\"padding-left: 30px; text-align: left;\"><a href=\"mailto:hotel-elparaiso@hotmail.com?subject=Consulta\">hotel-elparaiso@hotmail.com<\/a><\/p>\n<\/blockquote>\n<\/div>\n<div class=\"csColumnGap\" style=\"margin: 0px; padding: 0px; float: left; width: 10%;\"><img decoding=\"async\" src=\"wp-content\/plugins\/advanced-wp-columns\/assets\/js\/plugins\/views\/img\/1x1-pixel.png\" alt=\"\" \/><\/div>\n<div class=\"csColumn\" style=\"margin: 0px; padding: 0px; float: left; width: 40.4%;\" data-csid=\"043f552a-8910-8527-a688-6e687fef08b6\" data-cswidth=\"40.4%\" data-csendpoint=\"306.5\" data-csstartpoint=\"15\">\n<p><a name=\"Formulario\"><\/a><\/p>\n<h5>Formulario de contacto<\/h5>\n<p style=\"text-align: justify;\">\n<div class=\"wpcf7 no-js\" id=\"wpcf7-f377-o1\" lang=\"es-ES\" dir=\"ltr\" data-wpcf7-id=\"377\">\n<div class=\"screen-reader-response\"><p role=\"status\" aria-live=\"polite\" aria-atomic=\"true\"><\/p> <ul><\/ul><\/div>\n<form action=\"\/index.php?rest_route=%2Fwp%2Fv2%2Fpages%2F110#wpcf7-f377-o1\" method=\"post\" class=\"wpcf7-form init\" aria-label=\"Formulario de contacto\" novalidate=\"novalidate\" data-status=\"init\">\n<fieldset class=\"hidden-fields-container\"><input type=\"hidden\" name=\"_wpcf7\" value=\"377\" \/><input type=\"hidden\" name=\"_wpcf7_version\" value=\"6.1\" \/><input type=\"hidden\" name=\"_wpcf7_locale\" value=\"es_ES\" \/><input type=\"hidden\" name=\"_wpcf7_unit_tag\" value=\"wpcf7-f377-o1\" \/><input type=\"hidden\" name=\"_wpcf7_container_post\" value=\"0\" \/><input type=\"hidden\" name=\"_wpcf7_posted_data_hash\" value=\"\" \/>\n<\/fieldset>\n<p>Su nombre (requerido)\n<\/p>\n<p><span class=\"wpcf7-form-control-wrap\" data-name=\"your-name\"><input size=\"40\" maxlength=\"400\" class=\"wpcf7-form-control wpcf7-text wpcf7-validates-as-required\" aria-required=\"true\" aria-invalid=\"false\" value=\"\" type=\"text\" name=\"your-name\" \/><\/span>\n<\/p>\n<p>Su e-mail (requerido)\n<\/p>\n<p><span class=\"wpcf7-form-control-wrap\" data-name=\"your-email\"><input size=\"40\" maxlength=\"400\" class=\"wpcf7-form-control wpcf7-email wpcf7-validates-as-required wpcf7-text wpcf7-validates-as-email\" aria-required=\"true\" aria-invalid=\"false\" value=\"\" type=\"email\" name=\"your-email\" \/><\/span>\n<\/p>\n<p>Su mensaje\n<\/p>\n<p><span class=\"wpcf7-form-control-wrap\" data-name=\"your-message\"><textarea cols=\"40\" rows=\"10\" maxlength=\"2000\" class=\"wpcf7-form-control wpcf7-textarea\" aria-invalid=\"false\" name=\"your-message\"><\/textarea><\/span>\n<\/p>\n<p><input class=\"wpcf7-form-control wpcf7-submit has-spinner\" type=\"submit\" value=\"Enviar\" \/>\n<\/p><div class=\"wpcf7-response-output\" aria-hidden=\"true\"><\/div>\n<\/form>\n<\/div>\n<\/p>\n<\/div>\n<\/div>\n","protected":false},"excerpt":{"rendered":"<p>\u00bfTiene alguna duda? \u00bfQuiere realizar alguna sugerencia? \u00bfNecesita alguna informaci\u00f3n? En cualquiera de estos casos, no dude en comunicarse con nosotros, a trav\u00e9s de e-mail, tel\u00e9fono, o utilizando nuestro formulario de contacto Datos de contacto Hotel El Para\u00edso Avenida de<\/p>\n","protected":false},"author":1,"featured_media":0,"parent":0,"menu_order":5,"comment_status":"closed","ping_status":"closed","template":"","meta":{"footnotes":""},"class_list":["post-110","page","type-page","status-publish","hentry"],"_links":{"self":[{"href":"https:\/\/www.hotelelparaiso.es\/index.php?rest_route=\/wp\/v2\/pages\/110","targetHints":{"allow":["GET"]}}],"collection":[{"href":"https:\/\/www.hotelelparaiso.es\/index.php?rest_route=\/wp\/v2\/pages"}],"about":[{"href":"https:\/\/www.hotelelparaiso.es\/index.php?rest_route=\/wp\/v2\/types\/page"}],"author":[{"embeddable":true,"href":"https:\/\/www.hotelelparaiso.es\/index.php?rest_route=\/wp\/v2\/users\/1"}],"replies":[{"embeddable":true,"href":"https:\/\/www.hotelelparaiso.es\/index.php?rest_route=%2Fwp%2Fv2%2Fcomments&post=110"}],"version-history":[{"count":3,"href":"https:\/\/www.hotelelparaiso.es\/index.php?rest_route=\/wp\/v2\/pages\/110\/revisions"}],"predecessor-version":[{"id":725,"href":"https:\/\/www.hotelelparaiso.es\/index.php?rest_route=\/wp\/v2\/pages\/110\/revisions\/725"}],"wp:attachment":[{"href":"https:\/\/www.hotelelparaiso.es\/index.php?rest_route=%2Fwp%2Fv2%2Fmedia&parent=110"}],"curies":[{"name":"wp","href":"https:\/\/api.w.org\/{rel}","templated":true}]}}