{"id":2,"date":"2015-01-24T16:44:04","date_gmt":"2015-01-24T16:44:04","guid":{"rendered":"http:\/\/localhost\/wordpress\/?page_id=2"},"modified":"2025-06-28T17:00:08","modified_gmt":"2025-06-28T17:00:08","slug":"pagina-ejemplo","status":"publish","type":"page","link":"https:\/\/www.hotelelparaiso.es\/","title":{"rendered":"INICIO"},"content":{"rendered":"<p style=\"text-align: center;\"><div tabindex=\"0\" class=\"cycloneslider cycloneslider-template-standard cycloneslider-width-responsive\" id=\"cycloneslider-1-1\" style=\"max-width:1300px\" > <div class=\"cycloneslider-slides cycle-slideshow\" data-cycle-allow-wrap=\"true\" data-cycle-dynamic-height=\"off\" data-cycle-auto-height=\"1300:600\" data-cycle-auto-height-easing=\"null\" data-cycle-auto-height-speed=\"250\" data-cycle-delay=\"0\" data-cycle-easing=\"\" data-cycle-fx=\"fade\" data-cycle-hide-non-active=\"true\" data-cycle-log=\"false\" data-cycle-next=\"#cycloneslider-1-1 .cycloneslider-next\" data-cycle-pager=\"#cycloneslider-1-1 .cycloneslider-pager\" data-cycle-pause-on-hover=\"true\" data-cycle-prev=\"#cycloneslider-1-1 .cycloneslider-prev\" data-cycle-slides=\"&gt; div\" data-cycle-speed=\"1000\" data-cycle-swipe=\"false\" data-cycle-tile-count=\"7\" data-cycle-tile-delay=\"100\" data-cycle-tile-vertical=\"true\" data-cycle-timeout=\"3000\" > <div class=\"cycloneslider-slide cycloneslider-slide-image\" > <img decoding=\"async\" src=\"https:\/\/www.hotelelparaiso.es\/wp-content\/uploads\/2015\/05\/hotel_el_paraiso_vistas_puerto_02.jpg\" alt=\"\" title=\"Hotel El Para\u00edso\" \/> <div class=\"cycloneslider-caption\"> <div class=\"cycloneslider-caption-title\">Bienvenido al Hotel El Para\u00edso<\/div> <div class=\"cycloneslider-caption-description\">CALETA DE V\u00c9LEZ - M\u00c1LAGA - ESPA\u00d1A<\/div> <\/div> <\/div> <div class=\"cycloneslider-slide cycloneslider-slide-image\" > <a class=\"cycloneslider-caption-more\" href=\"index.php?page_id=24\"> <img decoding=\"async\" src=\"https:\/\/www.hotelelparaiso.es\/wp-content\/uploads\/2015\/05\/hotel_el_paraiso_hab_doble_03.jpg\" alt=\"\" title=\"Hotel El Para\u00edso\" \/> <\/a> <div class=\"cycloneslider-caption\"> <div class=\"cycloneslider-caption-title\">40 acogedoras habitaciones<\/div> <div class=\"cycloneslider-caption-description\">COMPLETAMENTE EQUIPADAS<\/div> <\/div> <\/div> <div class=\"cycloneslider-slide cycloneslider-slide-image\" > <a class=\"cycloneslider-caption-more\" href=\"index.php?page_id=49\"> <img decoding=\"async\" src=\"https:\/\/www.hotelelparaiso.es\/wp-content\/uploads\/2015\/05\/hotel_el_paraiso_entorno_05.jpg\" alt=\"\" title=\"Hotel El Para\u00edso\" \/> <\/a> <div class=\"cycloneslider-caption\"> <div class=\"cycloneslider-caption-title\">Relax y descanso<\/div> <div class=\"cycloneslider-caption-description\">EN UN ENTORNO APACIBLE<\/div> <\/div> <\/div> <div class=\"cycloneslider-slide cycloneslider-slide-image\" > <a class=\"cycloneslider-caption-more\" href=\"index.php?page_id=90\"> <img decoding=\"async\" src=\"https:\/\/www.hotelelparaiso.es\/wp-content\/uploads\/2015\/05\/hotel_el_paraiso_recepcion_01.jpg\" alt=\"\" title=\"Hotel El Para\u00edso\" \/> <\/a> <div class=\"cycloneslider-caption\"> <div class=\"cycloneslider-caption-title\">Informaci\u00f3n y reservas<\/div> <div class=\"cycloneslider-caption-description\">TU RESERVA A UN SOLO PASO<\/div> <\/div> <\/div> <div class=\"cycloneslider-slide cycloneslider-slide-image\" > <a class=\"cycloneslider-caption-more\" href=\"index.php?page_id=54\"> <img decoding=\"async\" src=\"https:\/\/www.hotelelparaiso.es\/wp-content\/uploads\/2015\/05\/hotel_el_paraiso_solarium_01.jpg\" alt=\"\" title=\"Hotel El Para\u00edso\" \/> <\/a> <div class=\"cycloneslider-caption\"> <div class=\"cycloneslider-caption-title\">Todo lo que necesitas<\/div> <div class=\"cycloneslider-caption-description\">SOLARIUM, CAFETER\u00cdA Y UN TRATO INMEJORABLE<\/div> <\/div> <\/div> <div class=\"cycloneslider-slide cycloneslider-slide-image\" > <a class=\"cycloneslider-caption-more\" href=\"index.php?page_id=110\"> <img decoding=\"async\" src=\"https:\/\/www.hotelelparaiso.es\/wp-content\/uploads\/2015\/05\/hotel_el_paraiso_fachada_dia.jpg\" alt=\"\" title=\"Hotel El Para\u00edso\" \/> <\/a> <div class=\"cycloneslider-caption\"> <div class=\"cycloneslider-caption-title\">Para cualquier informaci\u00f3n...<\/div> <div class=\"cycloneslider-caption-description\">CONTACTA CON NOSOTROS<\/div> <\/div> <\/div> <\/div> <div class=\"cycloneslider-pager\"><\/div> <a href=\"#\" class=\"cycloneslider-prev\"> <span class=\"arrow\"><\/span> <\/a> <a href=\"#\" class=\"cycloneslider-next\"> <span class=\"arrow\"><\/span> <\/a> <\/div><\/p>\n<h1>Bienvenido al Hotel El Para\u00edso<\/h1>\n<blockquote>\n<p style=\"text-align: justify;\">Nuestro hotel, de estilo moderno y funcional, est\u00e1 ubicado en el puerto deportivo de <strong>Caleta de V\u00e9lez<\/strong>, frente a la playa y junto al paseo mar\u00edtimo, a tan s\u00f3lo 25 minutos de <strong>M\u00e1laga<\/strong> capital y a 40 minutos del aeropuerto internacional de M\u00e1laga.<\/p>\n<p style=\"text-align: justify;\">Situado a 50 metros de 2 playas con bandera azul y a 5 minutos del Club de Golf Baviera, el hotel El Para\u00edso es el destino ideal para sus vacaciones o sus estancias de trabajo en la <strong>Costa del Sol.<\/strong><\/p>\n<p style=\"text-align: justify;\">Nuestros clientes nos han elegido como uno de los <strong>mejores hoteles de Caleta de V\u00e9lez<\/strong> en Trivago y Booking.<\/p>\n<\/blockquote>\n<p><!--:--><\/p>\n","protected":false},"excerpt":{"rendered":"<p>Bienvenido al Hotel El Para\u00edso Nuestro hotel, de estilo moderno y funcional, est\u00e1 ubicado en el puerto deportivo de Caleta de V\u00e9lez, frente a la playa y junto al paseo mar\u00edtimo, a tan s\u00f3lo 25 minutos de M\u00e1laga capital y<\/p>\n","protected":false},"author":1,"featured_media":0,"parent":0,"menu_order":0,"comment_status":"closed","ping_status":"closed","template":"","meta":{"footnotes":""},"class_list":["post-2","page","type-page","status-publish","hentry"],"_links":{"self":[{"href":"https:\/\/www.hotelelparaiso.es\/index.php?rest_route=\/wp\/v2\/pages\/2","targetHints":{"allow":["GET"]}}],"collection":[{"href":"https:\/\/www.hotelelparaiso.es\/index.php?rest_route=\/wp\/v2\/pages"}],"about":[{"href":"https:\/\/www.hotelelparaiso.es\/index.php?rest_route=\/wp\/v2\/types\/page"}],"author":[{"embeddable":true,"href":"https:\/\/www.hotelelparaiso.es\/index.php?rest_route=\/wp\/v2\/users\/1"}],"replies":[{"embeddable":true,"href":"https:\/\/www.hotelelparaiso.es\/index.php?rest_route=%2Fwp%2Fv2%2Fcomments&post=2"}],"version-history":[{"count":1,"href":"https:\/\/www.hotelelparaiso.es\/index.php?rest_route=\/wp\/v2\/pages\/2\/revisions"}],"predecessor-version":[{"id":666,"href":"https:\/\/www.hotelelparaiso.es\/index.php?rest_route=\/wp\/v2\/pages\/2\/revisions\/666"}],"wp:attachment":[{"href":"https:\/\/www.hotelelparaiso.es\/index.php?rest_route=%2Fwp%2Fv2%2Fmedia&parent=2"}],"curies":[{"name":"wp","href":"https:\/\/api.w.org\/{rel}","templated":true}]}}