{"id":24,"date":"2015-02-01T13:36:26","date_gmt":"2015-02-01T13:36:26","guid":{"rendered":"http:\/\/localhost\/wordpress\/?page_id=24"},"modified":"2025-06-28T18:22:39","modified_gmt":"2025-06-28T18:22:39","slug":"page-2","status":"publish","type":"page","link":"https:\/\/www.hotelelparaiso.es\/?page_id=24","title":{"rendered":"HABITACIONES"},"content":{"rendered":"<div class=\"csRow\">\n<div class=\"csColumnGap\" style=\"margin: 0px; padding: 0px; float: left; width: 1.56%;\"><img decoding=\"async\" src=\"wp-content\/plugins\/advanced-wp-columns\/assets\/js\/plugins\/views\/img\/1x1-pixel.png\" alt=\"\" \/><\/div>\n<div class=\"csColumn\" style=\"margin: 0px; padding: 0px; float: left; width: 31.3%;\" data-csid=\"bcdde87c-9df4-db6d-b61f-a6da15c1a147\" data-cswidth=\"31.3%\" data-csendpoint=\"315\" data-csstartpoint=\"15\">\n<table style=\"height: 92px; border-color: #ffffff;\" width=\"275\">\n<tbody>\n<tr>\n<td style=\"border-color: #ffffff; text-align: center;\"><a title=\"HABITACI\u00d3N DOBLE CON VISTAS AL MAR\" href=\"?page_id=488\">HABITACI\u00d3N DOBLE <\/a><a title=\"HABITACI\u00d3N DOBLE CON VISTAS AL MAR\" href=\"?page_id=488\">CON VISTAS AL MAR<\/a><\/td>\n<\/tr>\n<tr>\n<td style=\"border-color: #ffffff; text-align: center;\"><div class=\"cycloneslider cycloneslider-template-thumbnails cycloneslider-width-responsive\" id=\"cycloneslider-2-1\" style=\"max-width:960px\" ><div class=\"cycloneslider-slides cycle-slideshow\"\tdata-cycle-allow-wrap=\"true\" data-cycle-dynamic-height=\"off\" data-cycle-auto-height=\"960:600\" data-cycle-auto-height-easing=\"null\" data-cycle-auto-height-speed=\"250\" data-cycle-delay=\"0\" data-cycle-easing=\"\" data-cycle-fx=\"fade\" data-cycle-hide-non-active=\"true\" data-cycle-log=\"false\" data-cycle-next=\"#cycloneslider-2-1 .cycloneslider-next\" data-cycle-pager=\"#cycloneslider-2-1 .cycloneslider-pager\" data-cycle-pause-on-hover=\"true\" data-cycle-prev=\"#cycloneslider-2-1 .cycloneslider-prev\" data-cycle-slides=\"&gt; div\" data-cycle-speed=\"1000\" data-cycle-swipe=\"false\" data-cycle-tile-count=\"7\" data-cycle-tile-delay=\"100\" data-cycle-tile-vertical=\"true\" data-cycle-timeout=\"4000\"\t> <div class=\"cycloneslider-slide cycloneslider-slide-image\" > <a class=\"cycloneslider-caption-more\" href=\"?page_id=488\"> <img decoding=\"async\" src=\"https:\/\/www.hotelelparaiso.es\/wp-content\/uploads\/2015\/05\/hotel_el_paraiso_hab_doble_03_red-960x600.jpg\" alt=\"\" title=\"\" \/> <\/a> <\/div> <div class=\"cycloneslider-slide cycloneslider-slide-image\" > <a class=\"cycloneslider-caption-more\" href=\"?page_id=488\"> <img decoding=\"async\" src=\"https:\/\/www.hotelelparaiso.es\/wp-content\/uploads\/2015\/05\/hotel_el_paraiso_banhos_03_red-960x600.jpg\" alt=\"\" title=\"\" \/> <\/a> <\/div> <div class=\"cycloneslider-slide cycloneslider-slide-image\" > <a class=\"cycloneslider-caption-more\" href=\"?page_id=488\"> <img decoding=\"async\" src=\"https:\/\/www.hotelelparaiso.es\/wp-content\/uploads\/2015\/05\/hotel_el_paraiso_vistas_puerto_03_red-960x600.jpg\" alt=\"\" title=\"\" \/> <\/a> <\/div> <div class=\"cycloneslider-slide cycloneslider-slide-image\" > <a class=\"cycloneslider-caption-more\" href=\"?page_id=488\"> <img decoding=\"async\" src=\"https:\/\/www.hotelelparaiso.es\/wp-content\/uploads\/2015\/05\/hotel_el_paraiso_hab_doble_05_red-960x600.jpg\" alt=\"\" title=\"\" \/> <\/a> <\/div> <div class=\"cycloneslider-slide cycloneslider-slide-image\" > <a class=\"cycloneslider-caption-more\" href=\"?page_id=488\"> <img decoding=\"async\" src=\"https:\/\/www.hotelelparaiso.es\/wp-content\/uploads\/2015\/05\/hotel_el_paraiso_vistas_puerto_04_red-960x600.jpg\" alt=\"\" title=\"\" \/> <\/a> <\/div> <\/div><div class=\"cycloneslider-prev\"><\/div><div class=\"cycloneslider-next\"><\/div><\/div><div id=\"cycloneslider-2-1-pager\" class=\"cycloneslider-template-thumbnails cycloneslider-thumbnails\"\tstyle=\"max-width:960px\" ><ul class=\"clearfix\"> <li><img loading=\"lazy\" decoding=\"async\" src=\"https:\/\/www.hotelelparaiso.es\/wp-content\/uploads\/2015\/05\/hotel_el_paraiso_hab_doble_03_red-40x40.jpg\" width=\"40\" height=\"40\" alt=\"\" title=\"\" \/><\/li> <li><img loading=\"lazy\" decoding=\"async\" src=\"https:\/\/www.hotelelparaiso.es\/wp-content\/uploads\/2015\/05\/hotel_el_paraiso_banhos_03_red-40x40.jpg\" width=\"40\" height=\"40\" alt=\"\" title=\"\" \/><\/li> <li><img loading=\"lazy\" decoding=\"async\" src=\"https:\/\/www.hotelelparaiso.es\/wp-content\/uploads\/2015\/05\/hotel_el_paraiso_vistas_puerto_03_red-40x40.jpg\" width=\"40\" height=\"40\" alt=\"\" title=\"\" \/><\/li> <li><img loading=\"lazy\" decoding=\"async\" src=\"https:\/\/www.hotelelparaiso.es\/wp-content\/uploads\/2015\/05\/hotel_el_paraiso_hab_doble_05_red-40x40.jpg\" width=\"40\" height=\"40\" alt=\"\" title=\"\" \/><\/li> <li><img loading=\"lazy\" decoding=\"async\" src=\"https:\/\/www.hotelelparaiso.es\/wp-content\/uploads\/2015\/05\/hotel_el_paraiso_vistas_puerto_04_red-40x40.jpg\" width=\"40\" height=\"40\" alt=\"\" title=\"\" \/><\/li> <\/ul><\/div><\/td>\n<\/tr>\n<tr>\n<td style=\"border-color: #ffffff;\">\n<blockquote><p>1 o 2 camas desde 70\u20ac por noche<\/p>\n<p style=\"text-align: center;\"><a href=\"?page_id=90\">RESERVAR<\/a><\/p>\n<\/blockquote>\n<\/td>\n<\/tr>\n<\/tbody>\n<\/table>\n<\/div>\n<div class=\"csColumnGap\" style=\"margin: 0px; padding: 0px; float: left; width: 1.56%;\"><img decoding=\"async\" src=\"wp-content\/plugins\/advanced-wp-columns\/assets\/js\/plugins\/views\/img\/1x1-pixel.png\" alt=\"\" \/><\/div>\n<div class=\"csColumn\" style=\"margin: 0px; padding: 0px; float: left; width: 31.3%;\" data-csid=\"eaea75c2-fc8f-093f-ad87-650392df49e4\" data-cswidth=\"31.3%\" data-csendpoint=\"630\" data-csstartpoint=\"330\">\n<table style=\"height: 92px; border-color: #ffffff;\" width=\"275\">\n<tbody>\n<tr>\n<td style=\"border-color: #ffffff; text-align: center;\"><a href=\"?page_id=501\">HABITACI\u00d3N DOBLE <\/a><a href=\"?page_id=501\">EST\u00c1NDAR<\/a><\/td>\n<\/tr>\n<tr>\n<td style=\"border-color: #ffffff; text-align: center;\"><div class=\"cycloneslider cycloneslider-template-thumbnails cycloneslider-width-responsive\" id=\"cycloneslider-3-2\" style=\"max-width:960px\" ><div class=\"cycloneslider-slides cycle-slideshow\"\tdata-cycle-allow-wrap=\"true\" data-cycle-dynamic-height=\"off\" data-cycle-auto-height=\"960:600\" data-cycle-auto-height-easing=\"null\" data-cycle-auto-height-speed=\"250\" data-cycle-delay=\"0\" data-cycle-easing=\"\" data-cycle-fx=\"fade\" data-cycle-hide-non-active=\"true\" data-cycle-log=\"false\" data-cycle-next=\"#cycloneslider-3-2 .cycloneslider-next\" data-cycle-pager=\"#cycloneslider-3-2 .cycloneslider-pager\" data-cycle-pause-on-hover=\"true\" data-cycle-prev=\"#cycloneslider-3-2 .cycloneslider-prev\" data-cycle-slides=\"&gt; div\" data-cycle-speed=\"1000\" data-cycle-swipe=\"false\" data-cycle-tile-count=\"7\" data-cycle-tile-delay=\"100\" data-cycle-tile-vertical=\"true\" data-cycle-timeout=\"4000\"\t> <div class=\"cycloneslider-slide cycloneslider-slide-image\" > <a class=\"cycloneslider-caption-more\" href=\"?page_id=501\"> <img decoding=\"async\" src=\"https:\/\/www.hotelelparaiso.es\/wp-content\/uploads\/2015\/05\/hotel_el_paraiso_hab_doble_05_red-960x600.jpg\" alt=\"\" title=\"\" \/> <\/a> <\/div> <div class=\"cycloneslider-slide cycloneslider-slide-image\" > <a class=\"cycloneslider-caption-more\" href=\"?page_id=501\"> <img decoding=\"async\" src=\"https:\/\/www.hotelelparaiso.es\/wp-content\/uploads\/2015\/05\/hotel_el_paraiso_hab_doble_04_red-960x600.jpg\" alt=\"\" title=\"\" \/> <\/a> <\/div> <div class=\"cycloneslider-slide cycloneslider-slide-image\" > <a class=\"cycloneslider-caption-more\" href=\"?page_id=501\"> <img decoding=\"async\" src=\"https:\/\/www.hotelelparaiso.es\/wp-content\/uploads\/2015\/05\/hotel_el_paraiso_hab_doble_02_red-960x600.jpg\" alt=\"\" title=\"\" \/> <\/a> <\/div> <div class=\"cycloneslider-slide cycloneslider-slide-image\" > <a class=\"cycloneslider-caption-more\" href=\"?page_id=501\"> <img decoding=\"async\" src=\"https:\/\/www.hotelelparaiso.es\/wp-content\/uploads\/2015\/05\/hotel_el_paraiso_banhos_01_red-960x600.jpg\" alt=\"\" title=\"\" \/> <\/a> <\/div> <div class=\"cycloneslider-slide cycloneslider-slide-image\" > <a class=\"cycloneslider-caption-more\" href=\"?page_id=501\"> <img decoding=\"async\" src=\"https:\/\/www.hotelelparaiso.es\/wp-content\/uploads\/2015\/05\/hotel_el_paraiso_banhos_03_red-960x600.jpg\" alt=\"\" title=\"\" \/> <\/a> <\/div> <\/div><div class=\"cycloneslider-prev\"><\/div><div class=\"cycloneslider-next\"><\/div><\/div><div id=\"cycloneslider-3-2-pager\" class=\"cycloneslider-template-thumbnails cycloneslider-thumbnails\"\tstyle=\"max-width:960px\" ><ul class=\"clearfix\"> <li><img loading=\"lazy\" decoding=\"async\" src=\"https:\/\/www.hotelelparaiso.es\/wp-content\/uploads\/2015\/05\/hotel_el_paraiso_hab_doble_05_red-40x40.jpg\" width=\"40\" height=\"40\" alt=\"\" title=\"\" \/><\/li> <li><img loading=\"lazy\" decoding=\"async\" src=\"https:\/\/www.hotelelparaiso.es\/wp-content\/uploads\/2015\/05\/hotel_el_paraiso_hab_doble_04_red-40x40.jpg\" width=\"40\" height=\"40\" alt=\"\" title=\"\" \/><\/li> <li><img loading=\"lazy\" decoding=\"async\" src=\"https:\/\/www.hotelelparaiso.es\/wp-content\/uploads\/2015\/05\/hotel_el_paraiso_hab_doble_02_red-40x40.jpg\" width=\"40\" height=\"40\" alt=\"\" title=\"\" \/><\/li> <li><img loading=\"lazy\" decoding=\"async\" src=\"https:\/\/www.hotelelparaiso.es\/wp-content\/uploads\/2015\/05\/hotel_el_paraiso_banhos_01_red-40x40.jpg\" width=\"40\" height=\"40\" alt=\"\" title=\"\" \/><\/li> <li><img loading=\"lazy\" decoding=\"async\" src=\"https:\/\/www.hotelelparaiso.es\/wp-content\/uploads\/2015\/05\/hotel_el_paraiso_banhos_03_red-40x40.jpg\" width=\"40\" height=\"40\" alt=\"\" title=\"\" \/><\/li> <\/ul><\/div><\/td>\n<\/tr>\n<tr>\n<td style=\"border-color: #ffffff;\">\n<blockquote><p>1 o 2 camas desde 60\u20ac por noche<\/p>\n<p style=\"text-align: center;\"><a href=\"?page_id=90\">RESERVAR<\/a><\/p>\n<\/blockquote>\n<\/td>\n<\/tr>\n<\/tbody>\n<\/table>\n<\/div>\n<div class=\"csColumnGap\" style=\"margin: 0px; padding: 0px; float: left; width: 1.56%;\"><img decoding=\"async\" src=\"wp-content\/plugins\/advanced-wp-columns\/assets\/js\/plugins\/views\/img\/1x1-pixel.png\" alt=\"\" \/><\/div>\n<div class=\"csColumn\" style=\"margin: 0px; padding: 0px; float: left; width: 31.3%;\" data-csid=\"012c8321-b35e-2244-a9d2-e80de6a6229a\" data-cswidth=\"31.3%\" data-csendpoint=\"945\" data-csstartpoint=\"645\">\n<table style=\"height: 92px; border-color: #ffffff;\" width=\"275\">\n<tbody>\n<tr>\n<td style=\"border-color: #ffffff; text-align: center;\"><a href=\"?page_id=508\">HABITACI\u00d3N <\/a><a href=\"?page_id=508\">INDIVIDUAL<\/a><\/td>\n<\/tr>\n<tr>\n<td style=\"border-color: #ffffff; text-align: center;\"><div class=\"cycloneslider cycloneslider-template-thumbnails cycloneslider-width-responsive\" id=\"cycloneslider-4-3\" style=\"max-width:960px\" ><div class=\"cycloneslider-slides cycle-slideshow\"\tdata-cycle-allow-wrap=\"true\" data-cycle-dynamic-height=\"off\" data-cycle-auto-height=\"960:600\" data-cycle-auto-height-easing=\"null\" data-cycle-auto-height-speed=\"250\" data-cycle-delay=\"0\" data-cycle-easing=\"\" data-cycle-fx=\"fade\" data-cycle-hide-non-active=\"true\" data-cycle-log=\"false\" data-cycle-next=\"#cycloneslider-4-3 .cycloneslider-next\" data-cycle-pager=\"#cycloneslider-4-3 .cycloneslider-pager\" data-cycle-pause-on-hover=\"true\" data-cycle-prev=\"#cycloneslider-4-3 .cycloneslider-prev\" data-cycle-slides=\"&gt; div\" data-cycle-speed=\"1000\" data-cycle-swipe=\"false\" data-cycle-tile-count=\"7\" data-cycle-tile-delay=\"100\" data-cycle-tile-vertical=\"true\" data-cycle-timeout=\"4000\"\t> <div class=\"cycloneslider-slide cycloneslider-slide-image\" > <a class=\"cycloneslider-caption-more\" href=\"?page_id=508\"> <img decoding=\"async\" src=\"https:\/\/www.hotelelparaiso.es\/wp-content\/uploads\/2015\/05\/hotel_el_paraiso_habitacion_individual_01_red1-960x600.jpg\" alt=\"\" title=\"\" \/> <\/a> <\/div> <div class=\"cycloneslider-slide cycloneslider-slide-image\" > <a class=\"cycloneslider-caption-more\" href=\"?page_id=508\"> <img decoding=\"async\" src=\"https:\/\/www.hotelelparaiso.es\/wp-content\/uploads\/2015\/05\/hotel_el_paraiso_banhos_02_red-960x600.jpg\" alt=\"\" title=\"\" \/> <\/a> <\/div> <div class=\"cycloneslider-slide cycloneslider-slide-image\" > <a class=\"cycloneslider-caption-more\" href=\"?page_id=508\"> <img decoding=\"async\" src=\"https:\/\/www.hotelelparaiso.es\/wp-content\/uploads\/2015\/05\/hotel_el_paraiso_hab_doble_04_red-960x600.jpg\" alt=\"\" title=\"\" \/> <\/a> <\/div> <div class=\"cycloneslider-slide cycloneslider-slide-image\" > <a class=\"cycloneslider-caption-more\" href=\"?page_id=508\"> <img decoding=\"async\" src=\"https:\/\/www.hotelelparaiso.es\/wp-content\/uploads\/2015\/05\/hotel_el_paraiso_habitacion_individual_02_red-960x600.jpg\" alt=\"\" title=\"\" \/> <\/a> <\/div> <div class=\"cycloneslider-slide cycloneslider-slide-image\" > <a class=\"cycloneslider-caption-more\" href=\"?page_id=508\"> <img decoding=\"async\" src=\"https:\/\/www.hotelelparaiso.es\/wp-content\/uploads\/2015\/05\/hotel_el_paraiso_banhos_01_red-960x600.jpg\" alt=\"\" title=\"\" \/> <\/a> <\/div> <\/div><div class=\"cycloneslider-prev\"><\/div><div class=\"cycloneslider-next\"><\/div><\/div><div id=\"cycloneslider-4-3-pager\" class=\"cycloneslider-template-thumbnails cycloneslider-thumbnails\"\tstyle=\"max-width:960px\" ><ul class=\"clearfix\"> <li><img loading=\"lazy\" decoding=\"async\" src=\"https:\/\/www.hotelelparaiso.es\/wp-content\/uploads\/2015\/05\/hotel_el_paraiso_habitacion_individual_01_red1-40x40.jpg\" width=\"40\" height=\"40\" alt=\"\" title=\"\" \/><\/li> <li><img loading=\"lazy\" decoding=\"async\" src=\"https:\/\/www.hotelelparaiso.es\/wp-content\/uploads\/2015\/05\/hotel_el_paraiso_banhos_02_red-40x40.jpg\" width=\"40\" height=\"40\" alt=\"\" title=\"\" \/><\/li> <li><img loading=\"lazy\" decoding=\"async\" src=\"https:\/\/www.hotelelparaiso.es\/wp-content\/uploads\/2015\/05\/hotel_el_paraiso_hab_doble_04_red-40x40.jpg\" width=\"40\" height=\"40\" alt=\"\" title=\"\" \/><\/li> <li><img loading=\"lazy\" decoding=\"async\" src=\"https:\/\/www.hotelelparaiso.es\/wp-content\/uploads\/2015\/05\/hotel_el_paraiso_habitacion_individual_02_red-40x40.jpg\" width=\"40\" height=\"40\" alt=\"\" title=\"\" \/><\/li> <li><img loading=\"lazy\" decoding=\"async\" src=\"https:\/\/www.hotelelparaiso.es\/wp-content\/uploads\/2015\/05\/hotel_el_paraiso_banhos_01_red-40x40.jpg\" width=\"40\" height=\"40\" alt=\"\" title=\"\" \/><\/li> <\/ul><\/div><\/td>\n<\/tr>\n<tr>\n<td style=\"border-color: #ffffff;\">\n<blockquote><p>Desde 40\u20ac por noche<\/p>\n<p style=\"text-align: center;\"><a href=\"?page_id=90\">RESERVAR<\/a><\/p>\n<\/blockquote>\n<\/td>\n<\/tr>\n<\/tbody>\n<\/table>\n<\/div>\n<div class=\"csColumnGap\" style=\"margin: 0px; padding: 0px; float: left; width: 1.56%;\"><img decoding=\"async\" src=\"wp-content\/plugins\/advanced-wp-columns\/assets\/js\/plugins\/views\/img\/1x1-pixel.png\" alt=\"\" \/><\/div>\n<div style=\"clear: both; float: none; display: block; visibility: hidden; width: 0px; font-size: 0px; line-height: 0;\"><\/div>\n<\/div>\n<h5 style=\"padding-left: 30px;\"><br class=\"nc\" \/>Equipamiento general de las habitaciones<\/h5>\n<div class=\"csRow\">\n<div class=\"csColumnGap\" style=\"margin: 0px; padding: 0px; float: left; width: 2.08%;\"><img decoding=\"async\" src=\"wp-content\/plugins\/advanced-wp-columns\/assets\/js\/plugins\/views\/img\/1x1-pixel.png\" alt=\"\" \/><\/div>\n<div class=\"csColumn\" style=\"margin: 0px; padding: 0px; float: left; width: 42.7%;\" data-csid=\"fae7b127-1ed5-58cd-8f32-cf829a025b7c\" data-cswidth=\"42.7%\" data-csendpoint=\"430\" data-csstartpoint=\"20\">\n<blockquote>\n<p style=\"text-align: justify;\">El hotel cuenta con una capacidad para 66 personas y dispone de 40 acogedoras habitaciones, entre dobles est\u00e1ndar, dobles con vistas al mar e individuales.<\/p>\n<p style=\"text-align: justify;\">Los dormitorios poseen las siguientes comodidades: cama\u00a0 de matrimonio o dos camas individuales separadas, ba\u00f1o privado con secador de pelo, televisi\u00f3n plana V\u00eda Sat\u00e9lite, aire acondicionado, calefacci\u00f3n, caja de seguridad, tel\u00e9fono directo, cobertura WiFi y regalos de acogida.<\/p>\n<p style=\"text-align: justify;\">Todas nuestras habitaciones dobles pueden ser complementadas con una cama adicional para convertirlas en triples.<\/p>\n<p style=\"text-align: justify;\">Tambi\u00e9n disponemos de habitaciones dobles de uso individual y de habitaciones individuales sencillas.<\/p>\n<p style=\"text-align: justify;\">No dude en consultarnos para poder atenderle mejor en sus necesidades m\u00e1s espec\u00edficas.<\/p>\n<\/blockquote>\n<\/div>\n<div class=\"csColumnGap\" style=\"margin: 0px; padding: 0px; float: left; width: 6.77%;\"><img decoding=\"async\" src=\"wp-content\/plugins\/advanced-wp-columns\/assets\/js\/plugins\/views\/img\/1x1-pixel.png\" alt=\"\" \/><\/div>\n<div class=\"csColumn\" style=\"margin: 0px; padding: 0px; float: left; width: 42.7%;\" data-csid=\"ea9aa093-6e4a-3b07-8f51-976ff027a909\" data-cswidth=\"42.7%\" data-csendpoint=\"905\" data-csstartpoint=\"495\">\n<blockquote>\n<p style=\"text-align: justify;\"><strong>Tipos de habitaciones<\/strong><\/p>\n<p style=\"text-align: justify;\"><strong>Habitaci\u00f3n doble uso individual (1 PAX)<\/strong> Superficie 15 m<sup>2<\/sup><br \/>\n<strong>Habitaci\u00f3n individual (1 PAX)<\/strong> Superficie 9 m<sup>2<\/sup><br \/>\n<strong>Habitaci\u00f3n doble con vistas al mar (2 PAX)<\/strong> Superficie de 15 a 17 m<sup>2<\/sup><br \/>\n<strong>Habitaci\u00f3n doble est\u00e1ndar 1 o 2 camas (2 PAX)<\/strong> Superficie de 15 a 17 m<sup>2<\/sup><br \/>\nEn las habitaciones dobles se puede colocar 1 cama supletor\u00eca (3 PAX)<\/p>\n<\/blockquote>\n<\/div>\n<div class=\"csColumnGap\" style=\"margin: 0px; padding: 0px; float: left; width: 5.73%;\"><img decoding=\"async\" src=\"wp-content\/plugins\/advanced-wp-columns\/assets\/js\/plugins\/views\/img\/1x1-pixel.png\" alt=\"\" \/><\/div>\n<div style=\"clear: both; float: none; display: block; visibility: hidden; width: 0px; font-size: 0px; line-height: 0;\"><\/div>\n<\/div>\n<p><br class=\"nc\" \/><br class=\"nc\" \/><br class=\"nc\" \/><br class=\"nc\" \/><\/p>\n","protected":false},"excerpt":{"rendered":"<p>HABITACI\u00d3N DOBLE CON VISTAS AL MAR 1 o 2 camas desde 70\u20ac por noche RESERVAR HABITACI\u00d3N DOBLE EST\u00c1NDAR 1 o 2 camas desde 60\u20ac por noche RESERVAR HABITACI\u00d3N INDIVIDUAL Desde 40\u20ac por noche RESERVAR Equipamiento general de las habitaciones El<\/p>\n","protected":false},"author":1,"featured_media":0,"parent":0,"menu_order":1,"comment_status":"closed","ping_status":"closed","template":"","meta":{"footnotes":""},"class_list":["post-24","page","type-page","status-publish","hentry"],"_links":{"self":[{"href":"https:\/\/www.hotelelparaiso.es\/index.php?rest_route=\/wp\/v2\/pages\/24","targetHints":{"allow":["GET"]}}],"collection":[{"href":"https:\/\/www.hotelelparaiso.es\/index.php?rest_route=\/wp\/v2\/pages"}],"about":[{"href":"https:\/\/www.hotelelparaiso.es\/index.php?rest_route=\/wp\/v2\/types\/page"}],"author":[{"embeddable":true,"href":"https:\/\/www.hotelelparaiso.es\/index.php?rest_route=\/wp\/v2\/users\/1"}],"replies":[{"embeddable":true,"href":"https:\/\/www.hotelelparaiso.es\/index.php?rest_route=%2Fwp%2Fv2%2Fcomments&post=24"}],"version-history":[{"count":13,"href":"https:\/\/www.hotelelparaiso.es\/index.php?rest_route=\/wp\/v2\/pages\/24\/revisions"}],"predecessor-version":[{"id":684,"href":"https:\/\/www.hotelelparaiso.es\/index.php?rest_route=\/wp\/v2\/pages\/24\/revisions\/684"}],"wp:attachment":[{"href":"https:\/\/www.hotelelparaiso.es\/index.php?rest_route=%2Fwp%2Fv2%2Fmedia&parent=24"}],"curies":[{"name":"wp","href":"https:\/\/api.w.org\/{rel}","templated":true}]}}