{"id":501,"date":"2015-06-09T16:36:29","date_gmt":"2015-06-09T16:36:29","guid":{"rendered":"http:\/\/localhost\/wordpress\/?page_id=501"},"modified":"2025-06-28T18:34:25","modified_gmt":"2025-06-28T18:34:25","slug":"habitacion-doble-estandar","status":"publish","type":"page","link":"https:\/\/www.hotelelparaiso.es\/?page_id=501","title":{"rendered":"HABITACI\u00d3N DOBLE EST\u00c1NDAR"},"content":{"rendered":"<div class=\"cycloneslider cycloneslider-template-thumbnails cycloneslider-width-responsive\" id=\"cycloneslider-3-1\" style=\"max-width:960px\" ><div class=\"cycloneslider-slides cycle-slideshow\"\tdata-cycle-allow-wrap=\"true\" data-cycle-dynamic-height=\"off\" data-cycle-auto-height=\"960:600\" data-cycle-auto-height-easing=\"null\" data-cycle-auto-height-speed=\"250\" data-cycle-delay=\"0\" data-cycle-easing=\"\" data-cycle-fx=\"fade\" data-cycle-hide-non-active=\"true\" data-cycle-log=\"false\" data-cycle-next=\"#cycloneslider-3-1 .cycloneslider-next\" data-cycle-pager=\"#cycloneslider-3-1 .cycloneslider-pager\" data-cycle-pause-on-hover=\"true\" data-cycle-prev=\"#cycloneslider-3-1 .cycloneslider-prev\" data-cycle-slides=\"&gt; div\" data-cycle-speed=\"1000\" data-cycle-swipe=\"false\" data-cycle-tile-count=\"7\" data-cycle-tile-delay=\"100\" data-cycle-tile-vertical=\"true\" data-cycle-timeout=\"4000\"\t> <div class=\"cycloneslider-slide cycloneslider-slide-image\" > <a class=\"cycloneslider-caption-more\" href=\"?page_id=501\"> <img decoding=\"async\" src=\"https:\/\/www.hotelelparaiso.es\/wp-content\/uploads\/2015\/05\/hotel_el_paraiso_hab_doble_05_red-960x600.jpg\" alt=\"\" title=\"\" \/> <\/a> <\/div> <div class=\"cycloneslider-slide cycloneslider-slide-image\" > <a class=\"cycloneslider-caption-more\" href=\"?page_id=501\"> <img decoding=\"async\" src=\"https:\/\/www.hotelelparaiso.es\/wp-content\/uploads\/2015\/05\/hotel_el_paraiso_hab_doble_04_red-960x600.jpg\" alt=\"\" title=\"\" \/> <\/a> <\/div> <div class=\"cycloneslider-slide cycloneslider-slide-image\" > <a class=\"cycloneslider-caption-more\" href=\"?page_id=501\"> <img decoding=\"async\" src=\"https:\/\/www.hotelelparaiso.es\/wp-content\/uploads\/2015\/05\/hotel_el_paraiso_hab_doble_02_red-960x600.jpg\" alt=\"\" title=\"\" \/> <\/a> <\/div> <div class=\"cycloneslider-slide cycloneslider-slide-image\" > <a class=\"cycloneslider-caption-more\" href=\"?page_id=501\"> <img decoding=\"async\" src=\"https:\/\/www.hotelelparaiso.es\/wp-content\/uploads\/2015\/05\/hotel_el_paraiso_banhos_01_red-960x600.jpg\" alt=\"\" title=\"\" \/> <\/a> <\/div> <div class=\"cycloneslider-slide cycloneslider-slide-image\" > <a class=\"cycloneslider-caption-more\" href=\"?page_id=501\"> <img decoding=\"async\" src=\"https:\/\/www.hotelelparaiso.es\/wp-content\/uploads\/2015\/05\/hotel_el_paraiso_banhos_03_red-960x600.jpg\" alt=\"\" title=\"\" \/> <\/a> <\/div> <\/div><div class=\"cycloneslider-prev\"><\/div><div class=\"cycloneslider-next\"><\/div><\/div><div id=\"cycloneslider-3-1-pager\" class=\"cycloneslider-template-thumbnails cycloneslider-thumbnails\"\tstyle=\"max-width:960px\" ><ul class=\"clearfix\"> <li><img loading=\"lazy\" decoding=\"async\" src=\"https:\/\/www.hotelelparaiso.es\/wp-content\/uploads\/2015\/05\/hotel_el_paraiso_hab_doble_05_red-40x40.jpg\" width=\"40\" height=\"40\" alt=\"\" title=\"\" \/><\/li> <li><img loading=\"lazy\" decoding=\"async\" src=\"https:\/\/www.hotelelparaiso.es\/wp-content\/uploads\/2015\/05\/hotel_el_paraiso_hab_doble_04_red-40x40.jpg\" width=\"40\" height=\"40\" alt=\"\" title=\"\" \/><\/li> <li><img loading=\"lazy\" decoding=\"async\" src=\"https:\/\/www.hotelelparaiso.es\/wp-content\/uploads\/2015\/05\/hotel_el_paraiso_hab_doble_02_red-40x40.jpg\" width=\"40\" height=\"40\" alt=\"\" title=\"\" \/><\/li> <li><img loading=\"lazy\" decoding=\"async\" src=\"https:\/\/www.hotelelparaiso.es\/wp-content\/uploads\/2015\/05\/hotel_el_paraiso_banhos_01_red-40x40.jpg\" width=\"40\" height=\"40\" alt=\"\" title=\"\" \/><\/li> <li><img loading=\"lazy\" decoding=\"async\" src=\"https:\/\/www.hotelelparaiso.es\/wp-content\/uploads\/2015\/05\/hotel_el_paraiso_banhos_03_red-40x40.jpg\" width=\"40\" height=\"40\" alt=\"\" title=\"\" \/><\/li> <\/ul><\/div>\n<h5><\/h5>\n<h5>Equipamiento de la habitaci\u00f3n<\/h5>\n<blockquote>\n<ul style=\"list-style-type: square;\">\n<li>Vistas a la ciudad<\/li>\n<li>Balc\u00f3n con mesas y sillas<\/li>\n<li>Tel\u00e9fono directo<\/li>\n<li>TV de pantalla plana con canales v\u00eda sat\u00e9lite<\/li>\n<li>Caja fuerte<\/li>\n<li>Aire acondicionado y calefacci\u00f3n<\/li>\n<li>Armario<\/li>\n<li>Escritorio<\/li>\n<li>Ba\u00f1o privado con ba\u00f1era-ducha<\/li>\n<li>Secador de pelo<\/li>\n<li>Art\u00edculos de aseo<\/li>\n<li>Servicio despertador<\/li>\n<\/ul>\n<p style=\"text-align: justify;\">Superficie de la habitaci\u00f3n: 15 a 17m\u00b2<\/p>\n<p style=\"text-align: justify;\">Habitaci\u00f3n con <strong>1 cama de matrimonio<\/strong> (medidas 1,60m x 1,90m) o <strong>2 camas individuales<\/strong> juntas (medidas 90cm x 1,90m)<\/p>\n<p style=\"text-align: justify;\">Desde 60\u20ac por noche\u00a0\u00a0\u00a0 <a href=\"?page_id=90\">RESERVAR<\/a><\/p>\n<\/blockquote>\n<p style=\"text-align: justify;\">\n","protected":false},"excerpt":{"rendered":"<p>Equipamiento de la habitaci\u00f3n Vistas a la ciudad Balc\u00f3n con mesas y sillas Tel\u00e9fono directo TV de pantalla plana con canales v\u00eda sat\u00e9lite Caja fuerte Aire acondicionado y calefacci\u00f3n Armario Escritorio Ba\u00f1o privado con ba\u00f1era-ducha Secador de pelo Art\u00edculos de<\/p>\n","protected":false},"author":1,"featured_media":0,"parent":24,"menu_order":0,"comment_status":"closed","ping_status":"closed","template":"","meta":{"footnotes":""},"class_list":["post-501","page","type-page","status-publish","hentry"],"_links":{"self":[{"href":"https:\/\/www.hotelelparaiso.es\/index.php?rest_route=\/wp\/v2\/pages\/501","targetHints":{"allow":["GET"]}}],"collection":[{"href":"https:\/\/www.hotelelparaiso.es\/index.php?rest_route=\/wp\/v2\/pages"}],"about":[{"href":"https:\/\/www.hotelelparaiso.es\/index.php?rest_route=\/wp\/v2\/types\/page"}],"author":[{"embeddable":true,"href":"https:\/\/www.hotelelparaiso.es\/index.php?rest_route=\/wp\/v2\/users\/1"}],"replies":[{"embeddable":true,"href":"https:\/\/www.hotelelparaiso.es\/index.php?rest_route=%2Fwp%2Fv2%2Fcomments&post=501"}],"version-history":[{"count":5,"href":"https:\/\/www.hotelelparaiso.es\/index.php?rest_route=\/wp\/v2\/pages\/501\/revisions"}],"predecessor-version":[{"id":691,"href":"https:\/\/www.hotelelparaiso.es\/index.php?rest_route=\/wp\/v2\/pages\/501\/revisions\/691"}],"up":[{"embeddable":true,"href":"https:\/\/www.hotelelparaiso.es\/index.php?rest_route=\/wp\/v2\/pages\/24"}],"wp:attachment":[{"href":"https:\/\/www.hotelelparaiso.es\/index.php?rest_route=%2Fwp%2Fv2%2Fmedia&parent=501"}],"curies":[{"name":"wp","href":"https:\/\/api.w.org\/{rel}","templated":true}]}}