{"id":90,"date":"2015-02-08T13:56:53","date_gmt":"2015-02-08T13:56:53","guid":{"rendered":"http:\/\/localhost\/wordpress\/?page_id=90"},"modified":"2025-06-28T19:04:49","modified_gmt":"2025-06-28T19:04:49","slug":"reservas","status":"publish","type":"page","link":"https:\/\/www.hotelelparaiso.es\/?page_id=90","title":{"rendered":"RESERVAS"},"content":{"rendered":"<p><a name=\"Principio\"><\/a><\/p>\n<h5 style=\"padding-left: 30px;\"><a href=\"#Tarifas\">Tarifas<\/a> &#8211; <a href=\"#How\">C\u00f3mo reservar<\/a> &#8211; <a href=\"#Condiciones\">Condiciones de reserva y cancelaci\u00f3n<\/a><\/h5>\n<p><a name=\"Tarifas\"><\/a><\/p>\n<h5 style=\"text-align: justify;\">Tarifas oficiales vigentes<\/h5>\n<blockquote>\n<p style=\"text-align: justify; padding-left: 0px;\">Estas son nuestras tarifas actuales, donde se especifican precios por tipo de habitaci\u00f3n (IVA incluido). No obstante, p\u00f3ngase en contacto con nosotros para descubrir las ofertas y promociones existentes seg\u00fan temporada.<\/p>\n<\/blockquote>\n<div class=\"csRow\">\n<div class=\"csColumnGap\" style=\"margin: 0px; padding: 0px; float: left; width: 1.56%;\"><img decoding=\"async\" src=\"wp-content\/plugins\/advanced-wp-columns\/assets\/js\/plugins\/views\/img\/1x1-pixel.png\" alt=\"\" \/><\/div>\n<div class=\"csColumn\" style=\"margin: 0px; padding: 0px; float: left; width: 47.6%;\" data-csid=\"9438b1dd-1e36-b5bd-bb9c-fee4a69728e5\" data-cswidth=\"47.6%\" data-csendpoint=\"472\" data-csstartpoint=\"15\">\n<table style=\"height: 306px; border-color: #000000; width: 99.6113%;\" width=\"474\">\n<tbody>\n<tr style=\"border-color: #000000;\">\n<td style=\"width: 68.725%; border-color: #000000; height: 100px; vertical-align: top;\" colspan=\"2\" scope=\"row\"><strong>Temporada baja<\/strong><\/p>\n<p>De 1 de octubre a 31 de mayo<\/td>\n<td style=\"width: 20%; border-color: #000000; text-align: center; vertical-align: middle;\">Precio<\/td>\n<\/tr>\n<tr>\n<td style=\"width: 68.725%; border-color: #000000;\" colspan=\"2\">Habitaci\u00f3n individual<\/td>\n<td style=\"width: 20%; border-color: #000000;\">Desde 40,00\u20ac<\/td>\n<\/tr>\n<tr>\n<td style=\"width: 68.725%; border-color: #000000;\" colspan=\"2\">Habitaci\u00f3n doble est\u00e1ndar<\/td>\n<td style=\"width: 20%; border-color: #000000;\">Desde 60,00\u20ac<\/td>\n<\/tr>\n<tr>\n<td style=\"width: 68.725%; border-color: #000000;\" colspan=\"2\">Habitaci\u00f3n doble con vistas al mar<\/td>\n<td style=\"width: 20%; border-color: #000000;\">Desde 70,00\u20ac<\/td>\n<\/tr>\n<\/tbody>\n<\/table>\n<\/div>\n<div class=\"csColumnGap\" style=\"margin: 0px; padding: 0px; float: left; width: 1.56%;\"><img decoding=\"async\" src=\"wp-content\/plugins\/advanced-wp-columns\/assets\/js\/plugins\/views\/img\/1x1-pixel.png\" alt=\"\" \/><\/div>\n<div class=\"csColumn\" style=\"margin: 0px; padding: 0px; float: left; width: 47.6%;\" data-csid=\"9438b1dd-1e36-b5bd-bb9c-fee4a69728e5\" data-cswidth=\"47.6%\" data-csendpoint=\"472\" data-csstartpoint=\"15\">\n<table style=\"height: 306px; border-color: #000000; width: 100%;\" width=\"474\">\n<tbody>\n<tr style=\"border-color: #000000;\">\n<td style=\"width: 68.7285%; border-color: #000000; height: 100px;\" colspan=\"2\" scope=\"row\"><strong>Temporada alta<\/strong><\/p>\n<p>De 1 de junio a 30 de septiembre, Semana Santa<\/td>\n<td style=\"width: 20%; border-color: #000000; text-align: center; vertical-align: middle;\" scope=\"row\">Precio<\/td>\n<\/tr>\n<tr>\n<td style=\"width: 68.7285%; border-color: #000000;\" colspan=\"2\" scope=\"row\">Habitaci\u00f3n individual<\/td>\n<td style=\"width: 20%; border-color: #000000;\" scope=\"row\">Desde 50,00\u20ac<\/td>\n<\/tr>\n<tr>\n<td style=\"width: 68.7285%; border-color: #000000;\" colspan=\"2\" scope=\"row\">Habitaci\u00f3n doble est\u00e1ndar<\/td>\n<td style=\"width: 20%; border-color: #000000;\" scope=\"row\">Desde 70,00\u20ac<\/td>\n<\/tr>\n<tr>\n<td style=\"width: 68.7285%; border-color: #000000;\" colspan=\"2\" scope=\"row\">Habitaci\u00f3n doble con vistas al mar<\/td>\n<td style=\"width: 20%; border-color: #000000;\" scope=\"row\">Desde 80,00\u20ac<\/td>\n<\/tr>\n<\/tbody>\n<\/table>\n<\/div>\n<\/div>\n<p style=\"text-align: right;\">\u2191<a href=\"#Principio\">Volver<\/a><\/p>\n<div class=\"csRow\">\n<div class=\"csColumnGap\" style=\"margin: 0px; padding: 0px; float: left; width: 2.08%;\"><img decoding=\"async\" src=\"wp-content\/plugins\/advanced-wp-columns\/assets\/js\/plugins\/views\/img\/1x1-pixel.png\" alt=\"\" \/><\/div>\n<div class=\"csColumn\" style=\"margin: 0px; padding: 0px; float: left; width: 42.7%;\" data-csid=\"b8e72b9a-82fc-7477-83db-e5e088570453\" data-cswidth=\"42.7%\" data-csendpoint=\"430\" data-csstartpoint=\"20\">\n<p><a name=\"How\"><\/a><\/p>\n<h5 style=\"text-align: justify;\">C\u00f3mo reservar<\/h5>\n<blockquote>\n<p style=\"text-align: justify; padding-left: 0px;\">Puede reservar a trav\u00e9s del tel\u00e9fono 952 550 082 (con el prefijo 0034 si llama desde fuera de Espa\u00f1a) en horario de 08:00 a 23:00 horas.<\/p>\n<p style=\"text-align: justify; padding-left: 0px;\">Tambi\u00e9n puede reservar a trav\u00e9s de nuestro e-mail:<\/p>\n<p style=\"text-align: justify; padding-left: 60px;\"><a href=\"mailto:hotel-elparaiso@hotmail.com?subject=Solicitud%de%reserva\">hotel-elparaiso@hotmail.com<\/a><\/p>\n<\/blockquote>\n<\/div>\n<div class=\"csColumnGap\" style=\"margin: 0px; padding: 0px; float: left; width: 6.77%;\"><img decoding=\"async\" src=\"wp-content\/plugins\/advanced-wp-columns\/assets\/js\/plugins\/views\/img\/1x1-pixel.png\" alt=\"\" \/><\/div>\n<div class=\"csColumn\" style=\"margin: 0px; padding: 0px; float: left; width: 42.7%;\" data-csid=\"1d23d551-0846-4f8e-8bfc-1209d498c04e\" data-cswidth=\"42.7%\" data-csendpoint=\"905\" data-csstartpoint=\"495\">\n<p><a name=\"Reservas\"><\/a><\/p>\n<h5 style=\"text-align: justify;\"><\/h5>\n<p style=\"text-align: justify;\">\n<\/div>\n<div class=\"csColumnGap\" style=\"margin: 0px; padding: 0px; float: left; width: 5.73%;\"><img decoding=\"async\" src=\"wp-content\/plugins\/advanced-wp-columns\/assets\/js\/plugins\/views\/img\/1x1-pixel.png\" alt=\"\" \/><\/div>\n<div style=\"clear: both; float: none; display: block; visibility: hidden; width: 0px; font-size: 0px; line-height: 0;\"><\/div>\n<\/div>\n<p style=\"text-align: right;\">\u2191<a href=\"#Principio\">Volver<\/a><\/p>\n<p><a name=\"Condiciones\"><\/a><\/p>\n<h5 style=\"padding-left: 30px;\">Condiciones de reserva y cancelaci\u00f3n<\/h5>\n<div class=\"csRow\">\n<div class=\"csColumnGap\" style=\"margin: 0px; padding: 0px; float: left; width: 2.08%;\"><img decoding=\"async\" src=\"wp-content\/plugins\/advanced-wp-columns\/assets\/js\/plugins\/views\/img\/1x1-pixel.png\" alt=\"\" \/><\/div>\n<div class=\"csColumn\" style=\"margin: 0px; padding: 0px; float: left; width: 42.7%;\" data-csid=\"f7f683a6-de0d-47a2-8487-c12e3f01b5b8\" data-cswidth=\"42.7%\" data-csendpoint=\"430\" data-csstartpoint=\"20\">\n<blockquote>\n<p style=\"text-align: justify;\">Consulte posibles ofertas y tarifas especiales para comerciales o empresas, directamente por tel\u00e9fono o por e-mail.<\/p>\n<p style=\"text-align: justify;\">1. Los precios ofertados incluyen IVA.<\/p>\n<p style=\"text-align: justify;\">2. De manera general, el importe total de su reserva, ser\u00e1 abonado el d\u00eda de su entrada al hotel. La tarjeta de cr\u00e9dito que se le solicita es garante de dicha reserva.<\/p>\n<p style=\"text-align: justify;\">3. Horarios de entrada y salida:<\/p>\n<p style=\"text-align: justify; padding-left: 30px;\"><strong>ENTRADA:<\/strong> A partir de las 13:00 p.m.<br \/>\n<strong>SALIDAS:<\/strong> Hasta las 12:00 p.m<\/p>\n<p style=\"text-align: justify;\">4. Las reservas son tratadas de manera segura y bajo aplicaci\u00f3n del la Ley de Protecci\u00f3n de Datos. (Ley org\u00e1nica 15\/1999 del 13 Diciembre).<\/p>\n<p style=\"text-align: justify;\">5. Cancelaciones o modificaciones.<\/p>\n<p style=\"text-align: justify;\">Hasta 24 horas antes del d\u00eda de entrada, sin penalizaci\u00f3n alguna.<\/p>\n<p style=\"text-align: justify;\">Si cancelas fuera de plazo o no te presentas, se cargar\u00e1 1 noche.<\/p>\n<p style=\"text-align: justify;\">En temporada alta, el plazo de cancelaci\u00f3n sin cargo es de hasta 3 d\u00edas antes de la fecha de entrada.<\/p>\n<p style=\"text-align: justify;\">Una vez est\u00e9 alojado en el hotel, si desea hacer una salida anticipada antes de la fecha de salida reservada o modificar los servicios contratados, estar\u00e1 obligado a abonar el resto de la totalidad de la estancia contratada en su reserva.<\/p>\n<p style=\"text-align: justify;\">\n<\/blockquote>\n<\/div>\n<div class=\"csColumnGap\" style=\"margin: 0px; padding: 0px; float: left; width: 6.77%;\"><img decoding=\"async\" src=\"wp-content\/plugins\/advanced-wp-columns\/assets\/js\/plugins\/views\/img\/1x1-pixel.png\" alt=\"\" \/><\/div>\n<div class=\"csColumn\" style=\"margin: 0px; padding: 0px; float: left; width: 42.7%;\" data-csid=\"71217f6a-0957-a2ac-a8ef-df6e385e9fd1\" data-cswidth=\"42.7%\" data-csendpoint=\"905\" data-csstartpoint=\"495\">\n<blockquote>\n<p style=\"text-align: justify;\">Para cancelaciones o modificaciones debe ponerse en contacto con el hotel.<\/p>\n<p style=\"text-align: justify;\">Para determinadas fechas el hotel puede exigir un m\u00ednimo de noches de estancia.<\/p>\n<p style=\"text-align: justify;\">6. Ni\u00f1os o terceras personas compartiendo la misma habitaci\u00f3n:<\/p>\n<p style=\"text-align: justify;\"><strong>Ni\u00f1os menores de 5 a\u00f1os:<\/strong> Gratis, compartiendo cama existente en la habitaci\u00f3n, en s\u00f3lo alojamiento. Tambi\u00e9n puede contratar una cama supletoria para mayor comodidad\u00a0 (tarifa seg\u00fan temporada)<\/p>\n<p style=\"text-align: justify;\"><strong>Ni\u00f1os mayores de 5 a\u00f1os y adultos:<\/strong> Cama supletoria en habitaci\u00f3n doble (tarifa seg\u00fan temporada). Es obligatorio contratarlo.<\/p>\n<p style=\"text-align: justify;\">7. Tarjetas de cr\u00e9dito aceptadas: Visa, Euro\/Mastercard, Maestro y 4B.<\/p>\n<p style=\"text-align: justify;\">8. El CLIENTE se somete a la ley espa\u00f1ola y a su jurisdicci\u00f3n local de los juzgados y tribunales de M\u00e1laga, conforme a la Ley de Turismo de Andaluc\u00eda.<\/p>\n<p style=\"text-align: justify;\">9. Al realizar una reserva est\u00e1 dando su conformidad a estas condiciones expuestas.<\/p>\n<\/blockquote>\n<\/div>\n<div class=\"csColumnGap\" style=\"margin: 0px; padding: 0px; float: left; width: 5.73%;\"><img decoding=\"async\" src=\"wp-content\/plugins\/advanced-wp-columns\/assets\/js\/plugins\/views\/img\/1x1-pixel.png\" alt=\"\" \/><\/div>\n<div style=\"clear: both; float: none; display: block; visibility: hidden; width: 0px; font-size: 0px; line-height: 0;\"><\/div>\n<\/div>\n<p><br class=\"nc\" \/><br class=\"nc\" \/><br class=\"nc\" \/><br class=\"nc\" \/><br class=\"nc\" \/><br class=\"nc\" \/><\/p>\n<p style=\"text-align: right;\">\u2191<a href=\"#Principio\">Volver<\/a><\/p>\n","protected":false},"excerpt":{"rendered":"<p>Tarifas &#8211; C\u00f3mo reservar &#8211; Condiciones de reserva y cancelaci\u00f3n Tarifas oficiales vigentes Estas son nuestras tarifas actuales, donde se especifican precios por tipo de habitaci\u00f3n (IVA incluido). No obstante, p\u00f3ngase en contacto con nosotros para descubrir las ofertas y<\/p>\n","protected":false},"author":1,"featured_media":0,"parent":0,"menu_order":3,"comment_status":"closed","ping_status":"closed","template":"","meta":{"footnotes":""},"class_list":["post-90","page","type-page","status-publish","hentry"],"_links":{"self":[{"href":"https:\/\/www.hotelelparaiso.es\/index.php?rest_route=\/wp\/v2\/pages\/90","targetHints":{"allow":["GET"]}}],"collection":[{"href":"https:\/\/www.hotelelparaiso.es\/index.php?rest_route=\/wp\/v2\/pages"}],"about":[{"href":"https:\/\/www.hotelelparaiso.es\/index.php?rest_route=\/wp\/v2\/types\/page"}],"author":[{"embeddable":true,"href":"https:\/\/www.hotelelparaiso.es\/index.php?rest_route=\/wp\/v2\/users\/1"}],"replies":[{"embeddable":true,"href":"https:\/\/www.hotelelparaiso.es\/index.php?rest_route=%2Fwp%2Fv2%2Fcomments&post=90"}],"version-history":[{"count":26,"href":"https:\/\/www.hotelelparaiso.es\/index.php?rest_route=\/wp\/v2\/pages\/90\/revisions"}],"predecessor-version":[{"id":717,"href":"https:\/\/www.hotelelparaiso.es\/index.php?rest_route=\/wp\/v2\/pages\/90\/revisions\/717"}],"wp:attachment":[{"href":"https:\/\/www.hotelelparaiso.es\/index.php?rest_route=%2Fwp%2Fv2%2Fmedia&parent=90"}],"curies":[{"name":"wp","href":"https:\/\/api.w.org\/{rel}","templated":true}]}}